{"id":16,"date":"2019-08-13T22:40:23","date_gmt":"2019-08-13T20:40:23","guid":{"rendered":"https:\/\/samotmatrix.com.hr\/wp\/?page_id=16"},"modified":"2021-09-02T15:35:31","modified_gmt":"2021-09-02T13:35:31","slug":"pocetna","status":"publish","type":"page","link":"https:\/\/samotmatrix.com.hr\/","title":{"rendered":"PO\u010cETNA"},"content":{"rendered":"\t\t<div data-elementor-type=\"post\" data-elementor-id=\"16\" class=\"elementor elementor-16\" data-elementor-settings=\"[]\">\n\t\t\t<div class=\"elementor-inner\">\n\t\t\t\t<div class=\"elementor-section-wrap\">\n\t\t\t\t\t\t\t<section class=\"elementor-element elementor-element-c7f72fc elementor-section-boxed elementor-section-height-default elementor-section-height-default elementor-section elementor-top-section\" data-id=\"c7f72fc\" data-element_type=\"section\">\n\t\t\t\t\t\t<div class=\"elementor-container elementor-column-gap-default\">\n\t\t\t\t<div class=\"elementor-row\">\n\t\t\t\t<div class=\"elementor-element elementor-element-203b8c2 elementor-column elementor-col-100 elementor-top-column\" data-id=\"203b8c2\" data-element_type=\"column\">\n\t\t\t<div class=\"elementor-column-wrap  elementor-element-populated\">\n\t\t\t\t\t<div class=\"elementor-widget-wrap\">\n\t\t\t\t<div class=\"elementor-element elementor-element-6e51fb1 elementor-widget elementor-widget-spacer\" data-id=\"6e51fb1\" data-element_type=\"widget\" data-widget_type=\"spacer.default\">\n\t\t\t\t<div class=\"elementor-widget-container\">\n\t\t\t\t\t<div class=\"elementor-spacer\">\n\t\t\t<div class=\"elementor-spacer-inner\"><\/div>\n\t\t<\/div>\n\t\t\t\t<\/div>\n\t\t\t\t<\/div>\n\t\t\t\t<div class=\"elementor-element elementor-element-453cf13 elementor-invisible elementor-widget elementor-widget-heading\" data-id=\"453cf13\" data-element_type=\"widget\" data-settings=\"{&quot;_animation&quot;:&quot;fadeInDown&quot;}\" data-widget_type=\"heading.default\">\n\t\t\t\t<div class=\"elementor-widget-container\">\n\t\t\t<h3 class=\"elementor-heading-title elementor-size-default\"><br>NEKI OD NA\u0160IH PARTNERA<br><\/h3>\t\t<\/div>\n\t\t\t\t<\/div>\n\t\t\t\t\t\t<\/div>\n\t\t\t<\/div>\n\t\t<\/div>\n\t\t\t\t\t\t<\/div>\n\t\t\t<\/div>\n\t\t<\/section>\n\t\t\t\t<section class=\"elementor-element elementor-element-cb555f6 elementor-section-boxed elementor-section-height-default elementor-section-height-default elementor-section elementor-top-section\" data-id=\"cb555f6\" data-element_type=\"section\">\n\t\t\t\t\t\t<div class=\"elementor-container elementor-column-gap-default\">\n\t\t\t\t<div class=\"elementor-row\">\n\t\t\t\t<div class=\"elementor-element elementor-element-6a260aa elementor-column elementor-col-100 elementor-top-column\" data-id=\"6a260aa\" data-element_type=\"column\">\n\t\t\t<div class=\"elementor-column-wrap  elementor-element-populated\">\n\t\t\t\t\t<div class=\"elementor-widget-wrap\">\n\t\t\t\t<div class=\"elementor-element elementor-element-002d834 elementor-widget elementor-widget-spacer\" data-id=\"002d834\" data-element_type=\"widget\" data-widget_type=\"spacer.default\">\n\t\t\t\t<div class=\"elementor-widget-container\">\n\t\t\t\t\t<div class=\"elementor-spacer\">\n\t\t\t<div class=\"elementor-spacer-inner\"><\/div>\n\t\t<\/div>\n\t\t\t\t<\/div>\n\t\t\t\t<\/div>\n\t\t\t\t\t\t<\/div>\n\t\t\t<\/div>\n\t\t<\/div>\n\t\t\t\t\t\t<\/div>\n\t\t\t<\/div>\n\t\t<\/section>\n\t\t\t\t<section class=\"elementor-element elementor-element-b837a14 elementor-section-boxed elementor-section-height-default elementor-section-height-default elementor-section elementor-top-section\" data-id=\"b837a14\" data-element_type=\"section\">\n\t\t\t\t\t\t<div class=\"elementor-container elementor-column-gap-default\">\n\t\t\t\t<div class=\"elementor-row\">\n\t\t\t\t<div class=\"elementor-element elementor-element-47ce8c5 elementor-column elementor-col-100 elementor-top-column\" data-id=\"47ce8c5\" data-element_type=\"column\">\n\t\t\t<div class=\"elementor-column-wrap  elementor-element-populated\">\n\t\t\t\t\t<div class=\"elementor-widget-wrap\">\n\t\t\t\t<div class=\"elementor-element elementor-element-e3f4743 elementor-invisible elementor-widget elementor-widget-image-carousel\" data-id=\"e3f4743\" data-element_type=\"widget\" data-settings=\"{&quot;slides_to_show&quot;:&quot;3&quot;,&quot;slides_to_scroll&quot;:&quot;2&quot;,&quot;navigation&quot;:&quot;arrows&quot;,&quot;_animation&quot;:&quot;fadeIn&quot;,&quot;pause_on_hover&quot;:&quot;yes&quot;,&quot;autoplay&quot;:&quot;yes&quot;,&quot;autoplay_speed&quot;:5000,&quot;infinite&quot;:&quot;yes&quot;,&quot;speed&quot;:500,&quot;direction&quot;:&quot;ltr&quot;}\" data-widget_type=\"image-carousel.default\">\n\t\t\t\t<div class=\"elementor-widget-container\">\n\t\t\t\t\t<div class=\"elementor-image-carousel-wrapper elementor-slick-slider\" dir=\"ltr\">\n\t\t\t<div class=\"elementor-image-carousel slick-arrows-outside\">\n\t\t\t\t<div class=\"slick-slide\"><figure class=\"slick-slide-inner\"><img decoding=\"async\" class=\"slick-slide-image\" src=\"https:\/\/samotmatrix.com.hr\/wp-content\/uploads\/2019\/08\/gradja.jpg\" alt=\"gradja\" \/><\/figure><\/div><div class=\"slick-slide\"><figure class=\"slick-slide-inner\"><img decoding=\"async\" class=\"slick-slide-image\" src=\"https:\/\/samotmatrix.com.hr\/wp-content\/uploads\/2019\/08\/izolirka-300x86.jpg\" alt=\"izolirka\" \/><\/figure><\/div><div class=\"slick-slide\"><figure class=\"slick-slide-inner\"><img decoding=\"async\" class=\"slick-slide-image\" src=\"https:\/\/samotmatrix.com.hr\/wp-content\/uploads\/2019\/08\/suhac.jpg\" alt=\"suhac\" \/><\/figure><\/div><div class=\"slick-slide\"><figure class=\"slick-slide-inner\"><img decoding=\"async\" class=\"slick-slide-image\" src=\"https:\/\/samotmatrix.com.hr\/wp-content\/uploads\/2019\/08\/zelengrad-300x82.jpg\" alt=\"zelengrad\" \/><\/figure><\/div><div class=\"slick-slide\"><figure class=\"slick-slide-inner\"><img decoding=\"async\" class=\"slick-slide-image\" src=\"https:\/\/samotmatrix.com.hr\/wp-content\/uploads\/2019\/08\/delta.jpg\" alt=\"delta\" \/><\/figure><\/div><div class=\"slick-slide\"><figure class=\"slick-slide-inner\"><img decoding=\"async\" class=\"slick-slide-image\" src=\"https:\/\/samotmatrix.com.hr\/wp-content\/uploads\/2019\/08\/mst.jpg\" alt=\"mst\" \/><\/figure><\/div><div class=\"slick-slide\"><figure class=\"slick-slide-inner\"><img decoding=\"async\" class=\"slick-slide-image\" src=\"https:\/\/samotmatrix.com.hr\/wp-content\/uploads\/2019\/08\/alkes-300x77.jpg\" alt=\"alkes\" \/><\/figure><\/div><div class=\"slick-slide\"><figure class=\"slick-slide-inner\"><img decoding=\"async\" class=\"slick-slide-image\" src=\"https:\/\/samotmatrix.com.hr\/wp-content\/uploads\/2019\/08\/munida-300x94.jpg\" alt=\"munida\" \/><\/figure><\/div><div class=\"slick-slide\"><figure class=\"slick-slide-inner\"><img decoding=\"async\" class=\"slick-slide-image\" src=\"https:\/\/samotmatrix.com.hr\/wp-content\/uploads\/2019\/08\/werk.jpg\" alt=\"werk\" \/><\/figure><\/div><div class=\"slick-slide\"><figure class=\"slick-slide-inner\"><img decoding=\"async\" class=\"slick-slide-image\" src=\"https:\/\/samotmatrix.com.hr\/wp-content\/uploads\/2019\/08\/integral-300x81.jpg\" alt=\"integral\" \/><\/figure><\/div><div class=\"slick-slide\"><figure class=\"slick-slide-inner\"><img decoding=\"async\" class=\"slick-slide-image\" src=\"https:\/\/samotmatrix.com.hr\/wp-content\/uploads\/2019\/08\/dip-300x76.jpg\" alt=\"dip\" \/><\/figure><\/div><div class=\"slick-slide\"><figure class=\"slick-slide-inner\"><img decoding=\"async\" class=\"slick-slide-image\" src=\"https:\/\/samotmatrix.com.hr\/wp-content\/uploads\/2019\/08\/maksima-300x34.jpg\" alt=\"maksima\" \/><\/figure><\/div><div class=\"slick-slide\"><figure class=\"slick-slide-inner\"><img decoding=\"async\" class=\"slick-slide-image\" src=\"https:\/\/samotmatrix.com.hr\/wp-content\/uploads\/2019\/08\/vodice.jpg\" alt=\"vodice\" \/><\/figure><\/div><div class=\"slick-slide\"><figure class=\"slick-slide-inner\"><img decoding=\"async\" class=\"slick-slide-image\" src=\"https:\/\/samotmatrix.com.hr\/wp-content\/uploads\/2019\/08\/les.jpg\" alt=\"les\" \/><\/figure><\/div><div class=\"slick-slide\"><figure class=\"slick-slide-inner\"><img decoding=\"async\" class=\"slick-slide-image\" src=\"https:\/\/samotmatrix.com.hr\/wp-content\/uploads\/2019\/08\/mdv.jpg\" alt=\"mdv\" \/><\/figure><\/div><div class=\"slick-slide\"><figure class=\"slick-slide-inner\"><img decoding=\"async\" class=\"slick-slide-image\" src=\"https:\/\/samotmatrix.com.hr\/wp-content\/uploads\/2019\/08\/mep-300x189.jpg\" alt=\"mep\" \/><\/figure><\/div><div class=\"slick-slide\"><figure class=\"slick-slide-inner\"><img decoding=\"async\" class=\"slick-slide-image\" src=\"https:\/\/samotmatrix.com.hr\/wp-content\/uploads\/2019\/08\/milcic-300x89.jpg\" alt=\"milcic\" \/><\/figure><\/div><div class=\"slick-slide\"><figure class=\"slick-slide-inner\"><img decoding=\"async\" class=\"slick-slide-image\" src=\"https:\/\/samotmatrix.com.hr\/wp-content\/uploads\/2019\/08\/bpm-300x110.jpg\" alt=\"bpm\" \/><\/figure><\/div>\t\t\t<\/div>\n\t\t<\/div>\n\t\t\t\t<\/div>\n\t\t\t\t<\/div>\n\t\t\t\t<div class=\"elementor-element elementor-element-b219154 elementor-widget elementor-widget-spacer\" data-id=\"b219154\" data-element_type=\"widget\" data-widget_type=\"spacer.default\">\n\t\t\t\t<div class=\"elementor-widget-container\">\n\t\t\t\t\t<div class=\"elementor-spacer\">\n\t\t\t<div class=\"elementor-spacer-inner\"><\/div>\n\t\t<\/div>\n\t\t\t\t<\/div>\n\t\t\t\t<\/div>\n\t\t\t\t\t\t<\/div>\n\t\t\t<\/div>\n\t\t<\/div>\n\t\t\t\t\t\t<\/div>\n\t\t\t<\/div>\n\t\t<\/section>\n\t\t\t\t<section class=\"elementor-element elementor-element-4523f22 elementor-section-boxed elementor-section-height-default elementor-section-height-default elementor-section elementor-top-section\" data-id=\"4523f22\" data-element_type=\"section\">\n\t\t\t\t\t\t<div class=\"elementor-container elementor-column-gap-default\">\n\t\t\t\t<div class=\"elementor-row\">\n\t\t\t\t<div class=\"elementor-element elementor-element-dfe8ca1 elementor-column elementor-col-25 elementor-top-column\" data-id=\"dfe8ca1\" data-element_type=\"column\">\n\t\t\t<div class=\"elementor-column-wrap  elementor-element-populated\">\n\t\t\t\t\t<div class=\"elementor-widget-wrap\">\n\t\t\t\t<div class=\"elementor-element elementor-element-3a857ed elementor-widget elementor-widget-image\" data-id=\"3a857ed\" data-element_type=\"widget\" data-widget_type=\"image.default\">\n\t\t\t\t<div class=\"elementor-widget-container\">\n\t\t\t\t\t<div class=\"elementor-image\">\n\t\t\t\t\t\t\t\t\t\t<img width=\"150\" height=\"150\" src=\"https:\/\/samotmatrix.com.hr\/wp-content\/uploads\/2021\/09\/20201002_112954-removebg-preview-150x150.png\" class=\"attachment-thumbnail size-thumbnail\" alt=\"\" decoding=\"async\" loading=\"lazy\" \/>\t\t\t\t\t\t\t\t\t\t\t<\/div>\n\t\t\t\t<\/div>\n\t\t\t\t<\/div>\n\t\t\t\t\t\t<\/div>\n\t\t\t<\/div>\n\t\t<\/div>\n\t\t\t\t<div class=\"elementor-element elementor-element-4fe641e elementor-column elementor-col-25 elementor-top-column\" data-id=\"4fe641e\" data-element_type=\"column\">\n\t\t\t<div class=\"elementor-column-wrap  elementor-element-populated\">\n\t\t\t\t\t<div class=\"elementor-widget-wrap\">\n\t\t\t\t<div class=\"elementor-element elementor-element-d25bc4d elementor-widget elementor-widget-image\" data-id=\"d25bc4d\" data-element_type=\"widget\" data-widget_type=\"image.default\">\n\t\t\t\t<div class=\"elementor-widget-container\">\n\t\t\t\t\t<div class=\"elementor-image\">\n\t\t\t\t\t\t\t\t\t\t<img width=\"431\" height=\"305\" src=\"https:\/\/samotmatrix.com.hr\/wp-content\/uploads\/2021\/09\/AMOTNA-OPEKA-removebg-preview-e1630586352182.png\" class=\"attachment-large size-large\" alt=\"\" decoding=\"async\" loading=\"lazy\" \/>\t\t\t\t\t\t\t\t\t\t\t<\/div>\n\t\t\t\t<\/div>\n\t\t\t\t<\/div>\n\t\t\t\t\t\t<\/div>\n\t\t\t<\/div>\n\t\t<\/div>\n\t\t\t\t<div class=\"elementor-element elementor-element-188baf1 elementor-column elementor-col-50 elementor-top-column\" data-id=\"188baf1\" data-element_type=\"column\">\n\t\t\t<div class=\"elementor-column-wrap  elementor-element-populated\">\n\t\t\t\t\t<div class=\"elementor-widget-wrap\">\n\t\t\t\t<div class=\"elementor-element elementor-element-e9f1894 elementor-widget elementor-widget-image\" data-id=\"e9f1894\" data-element_type=\"widget\" data-widget_type=\"image.default\">\n\t\t\t\t<div class=\"elementor-widget-container\">\n\t\t\t\t\t<div class=\"elementor-image\">\n\t\t\t\t\t\t\t\t\t\t<img width=\"577\" height=\"433\" src=\"https:\/\/samotmatrix.com.hr\/wp-content\/uploads\/2021\/09\/20210902_140520-removebg-preview.png\" class=\"attachment-large size-large\" alt=\"\" decoding=\"async\" loading=\"lazy\" srcset=\"https:\/\/samotmatrix.com.hr\/wp-content\/uploads\/2021\/09\/20210902_140520-removebg-preview.png 577w, https:\/\/samotmatrix.com.hr\/wp-content\/uploads\/2021\/09\/20210902_140520-removebg-preview-300x225.png 300w\" sizes=\"(max-width: 577px) 100vw, 577px\" \/>\t\t\t\t\t\t\t\t\t\t\t<\/div>\n\t\t\t\t<\/div>\n\t\t\t\t<\/div>\n\t\t\t\t\t\t<\/div>\n\t\t\t<\/div>\n\t\t<\/div>\n\t\t\t\t\t\t<\/div>\n\t\t\t<\/div>\n\t\t<\/section>\n\t\t\t\t<section class=\"elementor-element elementor-element-0c812a0 elementor-section-boxed elementor-section-height-default elementor-section-height-default elementor-section elementor-top-section\" data-id=\"0c812a0\" data-element_type=\"section\">\n\t\t\t\t\t\t<div class=\"elementor-container elementor-column-gap-wider\">\n\t\t\t\t<div class=\"elementor-row\">\n\t\t\t\t<div class=\"elementor-element elementor-element-503413b elementor-column elementor-col-100 elementor-top-column\" data-id=\"503413b\" data-element_type=\"column\">\n\t\t\t<div class=\"elementor-column-wrap  elementor-element-populated\">\n\t\t\t\t\t<div class=\"elementor-widget-wrap\">\n\t\t\t\t<div class=\"elementor-element elementor-element-c8add5d elementor-widget elementor-widget-text-editor\" data-id=\"c8add5d\" data-element_type=\"widget\" data-widget_type=\"text-editor.default\">\n\t\t\t\t<div class=\"elementor-widget-container\">\n\t\t\t\t\t<div class=\"elementor-text-editor elementor-clearfix\"><p class=\"MsoNormal\" style=\"text-align: justify; line-height: 150%;\"><span style=\"font-size: 18pt; line-height: 150%; color: black; background-image: initial; background-position: initial; background-size: initial; background-repeat: initial; background-attachment: initial; background-origin: initial; background-clip: initial;\">Obrt \u0160AMOT MATRIX bavi se proizvodnjom pra\u0161kastih \u0161amotno vatrostalnih materijala koji se upotrebljavaju u izgradnji dimnjaka kao vezivo za spajanje \u0161amotnih dimovodnih cijevi, kao malter prilikom zidanja toplotnih agregata od \u0161amotnih opeka koji su prate\u0107a grana crne i obojene metalurgije, kao ljepilo za lijepljenje \u0161amotnih plo\u010dica na podloge od betona i cigle u kaminima, ro\u0161tiljima i sl., kao masa za brzu sanaciju u dimnjacima i u svim vrstama lo\u017ei\u0161ta, te kao premaz o\u0161te\u0107enih lo\u017ei\u0161ta u toplotnim agregatima odnosno svugdje gdje materijal dolazi u kontakt sa otvorenim plamenom.<\/span><\/p><p>\u00a0<\/p><\/div>\n\t\t\t\t<\/div>\n\t\t\t\t<\/div>\n\t\t\t\t\t\t<\/div>\n\t\t\t<\/div>\n\t\t<\/div>\n\t\t\t\t\t\t<\/div>\n\t\t\t<\/div>\n\t\t<\/section>\n\t\t\t\t<section class=\"elementor-element elementor-element-22abca3 elementor-section-boxed elementor-section-height-default elementor-section-height-default elementor-section elementor-top-section\" data-id=\"22abca3\" data-element_type=\"section\">\n\t\t\t\t\t\t<div class=\"elementor-container elementor-column-gap-default\">\n\t\t\t\t<div class=\"elementor-row\">\n\t\t\t\t<div class=\"elementor-element elementor-element-3e163be elementor-column elementor-col-100 elementor-top-column\" data-id=\"3e163be\" data-element_type=\"column\">\n\t\t\t<div class=\"elementor-column-wrap  elementor-element-populated\">\n\t\t\t\t\t<div class=\"elementor-widget-wrap\">\n\t\t\t\t<div class=\"elementor-element elementor-element-3ae1825 elementor-widget elementor-widget-counter\" data-id=\"3ae1825\" data-element_type=\"widget\" data-widget_type=\"counter.default\">\n\t\t\t\t<div class=\"elementor-widget-container\">\n\t\t\t\t\t<div class=\"elementor-counter\">\n\t\t\t<div class=\"elementor-counter-number-wrapper\">\n\t\t\t\t<span class=\"elementor-counter-number-prefix\"><\/span>\n\t\t\t\t<span class=\"elementor-counter-number\" data-duration=\"2000\" data-to-value=\"2005\" data-from-value=\"0\">0<\/span>\n\t\t\t\t<span class=\"elementor-counter-number-suffix\"> god. <\/span>\n\t\t\t<\/div>\n\t\t\t\t\t\t\t<div class=\"elementor-counter-title\">Obiteljski obrt osnovan<\/div>\n\t\t\t\t\t<\/div>\n\t\t\t\t<\/div>\n\t\t\t\t<\/div>\n\t\t\t\t\t\t<\/div>\n\t\t\t<\/div>\n\t\t<\/div>\n\t\t\t\t\t\t<\/div>\n\t\t\t<\/div>\n\t\t<\/section>\n\t\t\t\t\t\t<\/div>\n\t\t\t<\/div>\n\t\t<\/div>\n\t\t","protected":false},"excerpt":{"rendered":"<p>NEKI OD NA\u0160IH PARTNERA Obrt \u0160AMOT MATRIX bavi se proizvodnjom pra\u0161kastih \u0161amotno vatrostalnih materijala koji se upotrebljavaju u izgradnji dimnjaka kao vezivo za spajanje \u0161amotnih dimovodnih cijevi, kao malter prilikom zidanja toplotnih agregata od \u0161amotnih opeka koji su prate\u0107a grana crne i obojene metalurgije, kao ljepilo za lijepljenje \u0161amotnih plo\u010dica na podloge od betona i &hellip;<\/p>\n<p class=\"read-more\"> <a class=\"\" href=\"https:\/\/samotmatrix.com.hr\/\"> <span class=\"screen-reader-text\">PO\u010cETNA<\/span> Read More &raquo;<\/a><\/p>\n","protected":false},"author":1,"featured_media":0,"parent":0,"menu_order":0,"comment_status":"closed","ping_status":"closed","template":"elementor_header_footer","meta":[],"uagb_featured_image_src":{"full":false,"thumbnail":false,"medium":false,"medium_large":false,"large":false,"1536x1536":false,"2048x2048":false},"uagb_author_info":{"display_name":"senna","author_link":"https:\/\/samotmatrix.com.hr\/?author=1"},"uagb_comment_info":0,"uagb_excerpt":"NEKI OD NA\u0160IH PARTNERA Obrt \u0160AMOT MATRIX bavi se proizvodnjom pra\u0161kastih \u0161amotno vatrostalnih materijala koji se upotrebljavaju u izgradnji dimnjaka kao vezivo za spajanje \u0161amotnih dimovodnih cijevi, kao malter prilikom zidanja toplotnih agregata od \u0161amotnih opeka koji su prate\u0107a grana crne i obojene metalurgije, kao ljepilo za lijepljenje \u0161amotnih plo\u010dica na podloge od betona i&hellip;","_links":{"self":[{"href":"https:\/\/samotmatrix.com.hr\/index.php?rest_route=\/wp\/v2\/pages\/16"}],"collection":[{"href":"https:\/\/samotmatrix.com.hr\/index.php?rest_route=\/wp\/v2\/pages"}],"about":[{"href":"https:\/\/samotmatrix.com.hr\/index.php?rest_route=\/wp\/v2\/types\/page"}],"author":[{"embeddable":true,"href":"https:\/\/samotmatrix.com.hr\/index.php?rest_route=\/wp\/v2\/users\/1"}],"replies":[{"embeddable":true,"href":"https:\/\/samotmatrix.com.hr\/index.php?rest_route=%2Fwp%2Fv2%2Fcomments&post=16"}],"version-history":[{"count":53,"href":"https:\/\/samotmatrix.com.hr\/index.php?rest_route=\/wp\/v2\/pages\/16\/revisions"}],"predecessor-version":[{"id":428,"href":"https:\/\/samotmatrix.com.hr\/index.php?rest_route=\/wp\/v2\/pages\/16\/revisions\/428"}],"wp:attachment":[{"href":"https:\/\/samotmatrix.com.hr\/index.php?rest_route=%2Fwp%2Fv2%2Fmedia&parent=16"}],"curies":[{"name":"wp","href":"https:\/\/api.w.org\/{rel}","templated":true}]}}