{"id":18,"date":"2019-08-13T22:40:33","date_gmt":"2019-08-13T20:40:33","guid":{"rendered":"https:\/\/samotmatrix.com.hr\/wp\/?page_id=18"},"modified":"2021-09-02T23:15:50","modified_gmt":"2021-09-02T21:15:50","slug":"o-nama","status":"publish","type":"page","link":"https:\/\/samotmatrix.com.hr\/?page_id=18","title":{"rendered":"O NAMA"},"content":{"rendered":"\t\t<div data-elementor-type=\"post\" data-elementor-id=\"18\" class=\"elementor elementor-18\" data-elementor-settings=\"[]\">\n\t\t\t<div class=\"elementor-inner\">\n\t\t\t\t<div class=\"elementor-section-wrap\">\n\t\t\t\t\t\t\t<section class=\"elementor-element elementor-element-6d94f91 elementor-section-boxed elementor-section-height-default elementor-section-height-default elementor-section elementor-top-section\" data-id=\"6d94f91\" data-element_type=\"section\">\n\t\t\t\t\t\t<div class=\"elementor-container elementor-column-gap-default\">\n\t\t\t\t<div class=\"elementor-row\">\n\t\t\t\t<div class=\"elementor-element elementor-element-998e9e1 elementor-column elementor-col-100 elementor-top-column\" data-id=\"998e9e1\" data-element_type=\"column\">\n\t\t\t<div class=\"elementor-column-wrap  elementor-element-populated\">\n\t\t\t\t\t<div class=\"elementor-widget-wrap\">\n\t\t\t\t<div class=\"elementor-element elementor-element-9ba1ccd elementor-widget elementor-widget-spacer\" data-id=\"9ba1ccd\" data-element_type=\"widget\" data-widget_type=\"spacer.default\">\n\t\t\t\t<div class=\"elementor-widget-container\">\n\t\t\t\t\t<div class=\"elementor-spacer\">\n\t\t\t<div class=\"elementor-spacer-inner\"><\/div>\n\t\t<\/div>\n\t\t\t\t<\/div>\n\t\t\t\t<\/div>\n\t\t\t\t\t\t<\/div>\n\t\t\t<\/div>\n\t\t<\/div>\n\t\t\t\t\t\t<\/div>\n\t\t\t<\/div>\n\t\t<\/section>\n\t\t\t\t<section class=\"elementor-element elementor-element-a74564b elementor-section-boxed elementor-section-height-default elementor-section-height-default elementor-section elementor-top-section\" data-id=\"a74564b\" data-element_type=\"section\">\n\t\t\t\t\t\t<div class=\"elementor-container elementor-column-gap-default\">\n\t\t\t\t<div class=\"elementor-row\">\n\t\t\t\t<div class=\"elementor-element elementor-element-1c43f79 elementor-column elementor-col-100 elementor-top-column\" data-id=\"1c43f79\" data-element_type=\"column\">\n\t\t\t<div class=\"elementor-column-wrap  elementor-element-populated\">\n\t\t\t\t\t<div class=\"elementor-widget-wrap\">\n\t\t\t\t<div class=\"elementor-element elementor-element-127a715 animated-slow elementor-invisible elementor-widget elementor-widget-text-editor\" data-id=\"127a715\" data-element_type=\"widget\" data-settings=\"{&quot;_animation&quot;:&quot;fadeInDown&quot;,&quot;_animation_delay&quot;:0}\" data-widget_type=\"text-editor.default\">\n\t\t\t\t<div class=\"elementor-widget-container\">\n\t\t\t\t\t<div class=\"elementor-text-editor elementor-clearfix\"><p><span style=\"font-size: 21px;\">UZ POMO\u0106 NA\u0160IH PROIZVODA MO\u017dETE<\/span><\/p><\/div>\n\t\t\t\t<\/div>\n\t\t\t\t<\/div>\n\t\t\t\t<div class=\"elementor-element elementor-element-30df027 animated-slow elementor-invisible elementor-widget elementor-widget-image-gallery\" data-id=\"30df027\" data-element_type=\"widget\" data-settings=\"{&quot;_animation&quot;:&quot;fadeInLeft&quot;}\" data-widget_type=\"image-gallery.default\">\n\t\t\t\t<div class=\"elementor-widget-container\">\n\t\t\t\t\t<div class=\"elementor-image-gallery\">\n\t\t\t<div id='gallery-1' class='gallery galleryid-18 gallery-columns-3 gallery-size-medium'><figure class='gallery-item'>\n\t\t\t<div class='gallery-icon portrait'>\n\t\t\t\t<img width=\"196\" height=\"300\" src=\"https:\/\/samotmatrix.com.hr\/wp-content\/uploads\/2019\/08\/10137589290780dfdacc628a9ed9d3cd-1-196x300.jpg\" class=\"attachment-medium size-medium\" alt=\"\" decoding=\"async\" loading=\"lazy\" aria-describedby=\"gallery-1-284\" srcset=\"https:\/\/samotmatrix.com.hr\/wp-content\/uploads\/2019\/08\/10137589290780dfdacc628a9ed9d3cd-1-196x300.jpg 196w, https:\/\/samotmatrix.com.hr\/wp-content\/uploads\/2019\/08\/10137589290780dfdacc628a9ed9d3cd-1.jpg 431w\" sizes=\"(max-width: 196px) 100vw, 196px\" \/>\n\t\t\t<\/div>\n\t\t\t\t<figcaption class='wp-caption-text gallery-caption' id='gallery-1-284'>\n\t\t\t\tZAZIDATI SVE VRSTE RO\u0160TILJA I PE\u010cENJARA\n\t\t\t\t<\/figcaption><\/figure><figure class='gallery-item'>\n\t\t\t<div class='gallery-icon portrait'>\n\t\t\t\t<img width=\"174\" height=\"300\" src=\"https:\/\/samotmatrix.com.hr\/wp-content\/uploads\/2019\/08\/1-174x300.jpg\" class=\"attachment-medium size-medium\" alt=\"\" decoding=\"async\" loading=\"lazy\" aria-describedby=\"gallery-1-153\" srcset=\"https:\/\/samotmatrix.com.hr\/wp-content\/uploads\/2019\/08\/1-174x300.jpg 174w, https:\/\/samotmatrix.com.hr\/wp-content\/uploads\/2019\/08\/1.jpg 250w\" sizes=\"(max-width: 174px) 100vw, 174px\" \/>\n\t\t\t<\/div>\n\t\t\t\t<figcaption class='wp-caption-text gallery-caption' id='gallery-1-153'>\n\t\t\t\tIZGRADITI \u0160AMOTNI DIMNJAK\n\t\t\t\t<\/figcaption><\/figure><figure class='gallery-item'>\n\t\t\t<div class='gallery-icon landscape'>\n\t\t\t\t<img width=\"300\" height=\"300\" src=\"https:\/\/samotmatrix.com.hr\/wp-content\/uploads\/2019\/08\/kaljeva-pec-darko-francesko-fkeramika-removebg-preview-300x300.png\" class=\"attachment-medium size-medium\" alt=\"\" decoding=\"async\" loading=\"lazy\" aria-describedby=\"gallery-1-337\" srcset=\"https:\/\/samotmatrix.com.hr\/wp-content\/uploads\/2019\/08\/kaljeva-pec-darko-francesko-fkeramika-removebg-preview-300x300.png 300w, https:\/\/samotmatrix.com.hr\/wp-content\/uploads\/2019\/08\/kaljeva-pec-darko-francesko-fkeramika-removebg-preview-150x150.png 150w, https:\/\/samotmatrix.com.hr\/wp-content\/uploads\/2019\/08\/kaljeva-pec-darko-francesko-fkeramika-removebg-preview.png 501w\" sizes=\"(max-width: 300px) 100vw, 300px\" \/>\n\t\t\t<\/div>\n\t\t\t\t<figcaption class='wp-caption-text gallery-caption' id='gallery-1-337'>\n\t\t\t\tIZRA\u0110IVATI KALJEVE I KRU\u0160NE PE\u0106I\n\t\t\t\t<\/figcaption><\/figure>\n\t\t<\/div>\n\t\t<\/div>\n\t\t\t\t<\/div>\n\t\t\t\t<\/div>\n\t\t\t\t\t\t<\/div>\n\t\t\t<\/div>\n\t\t<\/div>\n\t\t\t\t\t\t<\/div>\n\t\t\t<\/div>\n\t\t<\/section>\n\t\t\t\t<section class=\"elementor-element elementor-element-9d8787b elementor-section-boxed elementor-section-height-default elementor-section-height-default elementor-section elementor-top-section\" data-id=\"9d8787b\" data-element_type=\"section\">\n\t\t\t\t\t\t<div class=\"elementor-container elementor-column-gap-default\">\n\t\t\t\t<div class=\"elementor-row\">\n\t\t\t\t<div class=\"elementor-element elementor-element-b8a0779 elementor-column elementor-col-100 elementor-top-column\" data-id=\"b8a0779\" data-element_type=\"column\">\n\t\t\t<div class=\"elementor-column-wrap  elementor-element-populated\">\n\t\t\t\t\t<div class=\"elementor-widget-wrap\">\n\t\t\t\t<div class=\"elementor-element elementor-element-3cf2ea3 elementor-widget elementor-widget-text-editor\" data-id=\"3cf2ea3\" data-element_type=\"widget\" data-widget_type=\"text-editor.default\">\n\t\t\t\t<div class=\"elementor-widget-container\">\n\t\t\t\t\t<div class=\"elementor-text-editor elementor-clearfix\"><p>\u00a0<\/p><p>Obrt \u0160AMOT MATRIX provodi politiku sustava upravljanja kvalitetom kojom se obvezuje na neprekidno pobolj\u0161avanje usluga ispitivanja i razvoja radi postizanja potpunog zadovoljstva svojih kupaca.<\/p><p>Obrt \u0160AMOT MATRIX se obvezuje na provo\u0111enje dobre profesionalne prakse i kvalitete proizvodnje u skladu sa zakonskim zahtjevima, zahtjevima kupaca i na primjenu svih zahtjeva odgovaraju\u0107e norme kako bi se ostvarila visoka kvaliteta proizvoda njihovim neprestanim pobolj\u0161avanjem.<\/p><p>Trinaestogodi\u0161njim prisustvom na doma\u0107em i inozemnom tr\u017ei\u0161tu, te u\u010destalim kontaktima sa korisnicima na\u0161ih proizvoda pa\u017eljivo smo oslu\u0161kivali probleme prilikom ugradnje materijala, te smo konstantno radili na pobolj\u0161anju i uspjeli razviti proizvode sa kojima korisnici vi\u0161e nisu suo\u010deni sa nikakvim pote\u0161ko\u0107ama prilikom njihove aplikacije.<\/p><p>Na\u0161a najbolja Referenca su trgovine gra\u0111evnog materijala (preko 50 trgovina) i obrta koji se bave prodajom ili ugradnjom takvih materijala diljem Republike Hrvatske gdje krajnji korisnici pokazuju zadovoljstvo, te se uvijek vra\u0107aju po MATRIX prizvode.<\/p><p>Nastojimo taj trend kvalitete i dalje zadr\u017eati, te se nadamo suradnji sa novim trgova\u010dkim centrima.<\/p><p>Za proizvode posjedujemo deklaracije sa svim potrebnim uputama i tehni\u010dke listove sukladno zakonu o gra\u0111evnim proizvodima.<\/p><\/div>\n\t\t\t\t<\/div>\n\t\t\t\t<\/div>\n\t\t\t\t\t\t<\/div>\n\t\t\t<\/div>\n\t\t<\/div>\n\t\t\t\t\t\t<\/div>\n\t\t\t<\/div>\n\t\t<\/section>\n\t\t\t\t\t\t<\/div>\n\t\t\t<\/div>\n\t\t<\/div>\n\t\t","protected":false},"excerpt":{"rendered":"<p>UZ POMO\u0106 NA\u0160IH PROIZVODA MO\u017dETE ZAZIDATI SVE VRSTE RO\u0160TILJA I PE\u010cENJARA IZGRADITI \u0160AMOTNI DIMNJAK IZRA\u0110IVATI KALJEVE I KRU\u0160NE PE\u0106I \u00a0 Obrt \u0160AMOT MATRIX provodi politiku sustava upravljanja kvalitetom kojom se obvezuje na neprekidno pobolj\u0161avanje usluga ispitivanja i razvoja radi postizanja potpunog zadovoljstva svojih kupaca. Obrt \u0160AMOT MATRIX se obvezuje na provo\u0111enje dobre profesionalne prakse i &hellip;<\/p>\n<p class=\"read-more\"> <a class=\"\" href=\"https:\/\/samotmatrix.com.hr\/?page_id=18\"> <span class=\"screen-reader-text\">O NAMA<\/span> Read More &raquo;<\/a><\/p>\n","protected":false},"author":1,"featured_media":0,"parent":0,"menu_order":0,"comment_status":"closed","ping_status":"closed","template":"elementor_header_footer","meta":[],"uagb_featured_image_src":{"full":false,"thumbnail":false,"medium":false,"medium_large":false,"large":false,"1536x1536":false,"2048x2048":false},"uagb_author_info":{"display_name":"senna","author_link":"https:\/\/samotmatrix.com.hr\/?author=1"},"uagb_comment_info":0,"uagb_excerpt":"UZ POMO\u0106 NA\u0160IH PROIZVODA MO\u017dETE ZAZIDATI SVE VRSTE RO\u0160TILJA I PE\u010cENJARA IZGRADITI \u0160AMOTNI DIMNJAK IZRA\u0110IVATI KALJEVE I KRU\u0160NE PE\u0106I \u00a0 Obrt \u0160AMOT MATRIX provodi politiku sustava upravljanja kvalitetom kojom se obvezuje na neprekidno pobolj\u0161avanje usluga ispitivanja i razvoja radi postizanja potpunog zadovoljstva svojih kupaca. Obrt \u0160AMOT MATRIX se obvezuje na provo\u0111enje dobre profesionalne prakse i&hellip;","_links":{"self":[{"href":"https:\/\/samotmatrix.com.hr\/index.php?rest_route=\/wp\/v2\/pages\/18"}],"collection":[{"href":"https:\/\/samotmatrix.com.hr\/index.php?rest_route=\/wp\/v2\/pages"}],"about":[{"href":"https:\/\/samotmatrix.com.hr\/index.php?rest_route=\/wp\/v2\/types\/page"}],"author":[{"embeddable":true,"href":"https:\/\/samotmatrix.com.hr\/index.php?rest_route=\/wp\/v2\/users\/1"}],"replies":[{"embeddable":true,"href":"https:\/\/samotmatrix.com.hr\/index.php?rest_route=%2Fwp%2Fv2%2Fcomments&post=18"}],"version-history":[{"count":49,"href":"https:\/\/samotmatrix.com.hr\/index.php?rest_route=\/wp\/v2\/pages\/18\/revisions"}],"predecessor-version":[{"id":442,"href":"https:\/\/samotmatrix.com.hr\/index.php?rest_route=\/wp\/v2\/pages\/18\/revisions\/442"}],"wp:attachment":[{"href":"https:\/\/samotmatrix.com.hr\/index.php?rest_route=%2Fwp%2Fv2%2Fmedia&parent=18"}],"curies":[{"name":"wp","href":"https:\/\/api.w.org\/{rel}","templated":true}]}}